{"id":126,"date":"2016-03-15T12:02:33","date_gmt":"2016-03-15T12:02:33","guid":{"rendered":"http:\/\/blog.monlivretdemesse.fr\/?page_id=126"},"modified":"2016-10-28T20:43:51","modified_gmt":"2016-10-28T20:43:51","slug":"comment-creer-son-livret-de-messe-sans-stress","status":"publish","type":"page","link":"https:\/\/blog.monlivretdemesse.fr\/","title":{"rendered":"Comment cr\u00e9er son livret de messe sans stress"},"content":{"rendered":"<p style=\"text-align: center;\"><a href=\"https:\/\/blog.monlivretdemesse.fr\/wp-content\/uploads\/2013\/08\/photo2lin.jpg\"><img loading=\"lazy\" decoding=\"async\" class=\"aligncenter wp-image-6 size-full\" src=\"https:\/\/blog.monlivretdemesse.fr\/wp-content\/uploads\/2013\/08\/photo2lin.jpg\" alt=\"photo2lin\" width=\"350\" height=\"263\" srcset=\"https:\/\/blog.monlivretdemesse.fr\/wp-content\/uploads\/2013\/08\/photo2lin.jpg 350w, https:\/\/blog.monlivretdemesse.fr\/wp-content\/uploads\/2013\/08\/photo2lin-300x225.jpg 300w\" sizes=\"auto, (max-width: 350px) 100vw, 350px\" \/><\/a><\/p>\n<p style=\"text-align: center;\"><a href=\"https:\/\/monlivretdemesse.fr\/fr\/category\/livrets_de_messe_mariage_classiques\/product\/theme_lin_et_damasse\">Photo : Livret th\u00e8me lin damass\u00e9<\/a><\/p>\n<p style=\"text-align: justify;\">La conception du livret de messe ou livret de c\u00e9r\u00e9monie est souvent une t\u00e2che que les futurs mari\u00e9s appr\u00e9hendent lors de la pr\u00e9paration de leur mariage. En effet, il y a tout un travail de s\u00e9lection des textes, des musiques et des chants \u00e0 faire qui n\u2019est pas facile. Mais ceci n\u2019est que la premi\u00e8re \u00e9tape ! Dans un second temps, il faut mettre en page le livret et de se d\u00e9cider sur la pr\u00e9sentation. Ensuite vient l\u2019\u00e9tape de l\u2019impression puis en dernier lieu la reliure des livrets. Bref, c\u2019est une t\u00e2che longue et fastidieuse ! Cependant rassurez-vous, avec les conseils ci-dessous, vous devriez vous en sortir sans trop vous arracher les cheveux.<\/p>\n<h2 style=\"text-align: justify;\">Pr\u00e9parez-le suffisamment \u00e0 l\u2019avance<\/h2>\n<p style=\"text-align: justify;\">Comme nous venons de le voir, il y a beaucoup d\u2019\u00e9tapes dans la cr\u00e9ation d\u2019un livret de messe donc surtout n\u2019attendez pas la derni\u00e8re minute pour vous y mettre. Commencez \u00e0 y r\u00e9fl\u00e9chir 1 mois avant votre mariage. Cherchez des id\u00e9es de musique sur internet, r\u00e9fl\u00e9chissez aux chants et aux textes que vous souhaitez int\u00e9grer \u00e0 votre c\u00e9r\u00e9monie.<\/p>\n<h2 style=\"text-align: justify;\">Pr\u00e9parez une 1\u00e8re version et montrez-la au pr\u00eatre :<\/h2>\n<p style=\"text-align: justify;\">Il est fortement conseill\u00e9 de montrer une premi\u00e8re \u00e9bauche de votre livret au pr\u00eatre qui c\u00e9l\u00e8brera votre union. De cette fa\u00e7on, vous saurez avec certitude si les musiques et chants que vous avez choisis sont appropri\u00e9s. Si il voit des fautes, erreurs ou manques, vous pourrez les rectifier. Question timing, faites-le \u00e0 peu pr\u00e8s 3 semaines avant la date de votre mariage. Cela vous laisse le temps de corriger et de faire les \u00e9tapes suivantes.<\/p>\n<h2 style=\"text-align: justify;\">Utilisez le mode \u201cdisposition livre\u201d pour imprimer votre livret :<\/h2>\n<p style=\"text-align: justify;\">Le plus souvent, les mari\u00e9s prennent une feuille A4 et la plient en deux pour avoir un livret au format A5. C\u2019est ce qu\u2019il y a de plus simple comme format. Pour imprimer facilement dans ce format, je vous invite \u00e0 consulter <a href=\"http:\/\/astuces.jeanviet.info\/bureautique\/creer-un-livret-de-messe-sur-word-2007-pour-votre-mariage-a-leglise.htm\">ce tutoriel<\/a> qui explique bien la marche \u00e0 suivre. Pensez \u00e0 imprimer d\u2019abord votre livret en un seul exemplaire de fa\u00e7on \u00e0 contr\u00f4ler que le r\u00e9sultat vous convient.<\/p>\n<h2 style=\"text-align: justify;\">Montez une cha\u00eene d\u2019assemblage<\/h2>\n<p style=\"text-align: justify;\">Ca y est vous avez fait le plus dur, ouf ! Il ne vous reste plus qu\u2019\u00e0 assembler vos livrets et \u00e0 les relier. Place au travail manuel !La solution la plus simple et la plus rapide est d\u2019\u00eatre \u00e0 plusieurs et de se r\u00e9partir les t\u00e2ches. Une personne plie les feuilles et assemble les livrets, une autre les perfore et une troisi\u00e8me personne glisse un ruban dans les trous et fait un noeud.\u00a0 Avec cette organisation, cela ne devrait pas vous prendre trop de temps.<\/p>\n<p style=\"text-align: justify;\">Sachez que si vous voulez vous faciliter la t\u00e2che pour la cr\u00e9ation de vos livrets de messe, vous trouverez dans notre <a href=\"http:\/\/monlivretdemesse.fr\">boutique<\/a> des mod\u00e8les de livrets de messe faciles \u00e0 personnaliser.<\/p>\n","protected":false},"excerpt":{"rendered":"<p>Photo : Livret th\u00e8me lin damass\u00e9 La conception du livret de messe ou livret de c\u00e9r\u00e9monie est souvent une t\u00e2che que les futurs mari\u00e9s appr\u00e9hendent lors de la pr\u00e9paration de leur mariage. En effet, il y a tout un travail de s\u00e9lection des textes, des musiques et des chants \u00e0 faire qui n\u2019est pas facile. [&hellip;]<\/p>\n","protected":false},"author":1,"featured_media":0,"parent":0,"menu_order":0,"comment_status":"closed","ping_status":"closed","template":"","meta":{"_et_pb_use_builder":"","_et_pb_old_content":"","_et_gb_content_width":"","footnotes":""},"class_list":["post-126","page","type-page","status-publish","hentry"],"_links":{"self":[{"href":"https:\/\/blog.monlivretdemesse.fr\/index.php\/wp-json\/wp\/v2\/pages\/126","targetHints":{"allow":["GET"]}}],"collection":[{"href":"https:\/\/blog.monlivretdemesse.fr\/index.php\/wp-json\/wp\/v2\/pages"}],"about":[{"href":"https:\/\/blog.monlivretdemesse.fr\/index.php\/wp-json\/wp\/v2\/types\/page"}],"author":[{"embeddable":true,"href":"https:\/\/blog.monlivretdemesse.fr\/index.php\/wp-json\/wp\/v2\/users\/1"}],"replies":[{"embeddable":true,"href":"https:\/\/blog.monlivretdemesse.fr\/index.php\/wp-json\/wp\/v2\/comments?post=126"}],"version-history":[{"count":2,"href":"https:\/\/blog.monlivretdemesse.fr\/index.php\/wp-json\/wp\/v2\/pages\/126\/revisions"}],"predecessor-version":[{"id":139,"href":"https:\/\/blog.monlivretdemesse.fr\/index.php\/wp-json\/wp\/v2\/pages\/126\/revisions\/139"}],"wp:attachment":[{"href":"https:\/\/blog.monlivretdemesse.fr\/index.php\/wp-json\/wp\/v2\/media?parent=126"}],"curies":[{"name":"wp","href":"https:\/\/api.w.org\/{rel}","templated":true}]}}